{"id":2,"date":"2026-02-28T10:33:46","date_gmt":"2026-02-28T09:33:46","guid":{"rendered":"https:\/\/example.com\/?page_id=2"},"modified":"2026-02-28T16:07:33","modified_gmt":"2026-02-28T15:07:33","slug":"proponujemy","status":"publish","type":"page","link":"https:\/\/copydor.eu\/","title":{"rendered":""},"content":{"rendered":"<figure><img decoding=\"async\" style=\"width: 677px; height: auto;\" src=\"http:\/\/serwer2663049.home.pl\/autoinstalator\/wordpressplugins1\/wp-content\/uploads\/2026\/02\/logo-copy.png\" alt=\"\" \/><\/figure>\n\n\n<p>jest firm\u0105, kt\u00f3ra specjalizuje si\u0119 w doborze i sprzeda\u017cy najlepszych materia\u0142\u00f3w eksploatacyjnych (tonery, tusze, b\u0119bny) do wielofunkcyjnych urz\u0105dze\u0144 drukuj\u0105cych.<\/p>\n\n\n\n<p>Oferowane produkty cechuje najwy\u017csza jako\u015b\u0107, wydajno\u015b\u0107 &#8211; co bezpo\u015brednio przek\u0142ada si\u0119 na sprawn\u0105 prac\u0119 z wydrukami.<\/p>\n\n\n\n<p>Dzi\u0119ki do\u015bwiadczeniu poznali\u015bmy w pe\u0142ni logistyk\u0119 zam\u00f3wie\u0144 i dostaw.<\/p>\n\n\n\n<p>Od ponad \u0107wier\u0107 wieku zajmujemy si\u0119 doradztwem przy doborze sprz\u0119tu biurowego.<\/p>\n\n\n\n<p>W tym czasie poznali\u015bmy potrzeby i przyzwyczajenia klient\u00f3w pracuj\u0105cych w r\u00f3\u017cnych bran\u017cach &#8211; nie jest wa\u017cne, czy jest to firma jednoosobowa czy korporacja &#8211; Klienci zawsze byli zadowoleni i wracali do nas, rekomenduj\u0105c kolejnym Klientom.<\/p>\n\n\n\n<div class=\"wp-block-columns is-layout-flex wp-container-core-columns-is-layout-9d6595d7 wp-block-columns-is-layout-flex\">\n<div class=\"wp-block-column is-layout-flow wp-block-column-is-layout-flow\" style=\"flex-basis:33.33%\">\n<h1 class=\"wp-block-heading has-text-align-center\" style=\"font-size:25px\"><br><br><strong>PRACYJEMY Z:<\/strong><\/h1>\n<\/div>\n\n\n\n<div class=\"wp-block-column is-layout-flow wp-block-column-is-layout-flow\"><\/div>\n\n\n\n<div class=\"wp-block-column is-layout-flow wp-block-column-is-layout-flow\" style=\"flex-basis:66.66%\">\n<style>#pfg-gallery-79 {--pfg-cols-xl:4;--pfg-cols-lg:4;--pfg-cols-md:2;--pfg-cols-sm:1;--pfg-gap:0px;--pfg-border-width:0px;--pfg-border-color:#ffffff;--pfg-border-radius:0px;--pfg-filter-bg:#94a3b8;--pfg-filter-text:#1e293b;--pfg-filter-active-bg:#3858e9;--pfg-filter-active-text:#ffffff;--pfg-caption-bg:#ffffff;--pfg-caption-text:#1e293b;}<\/style><div id=\"pfg-gallery-79\" class=\"pfg-gallery-wrapper pfg-loading pfg-template-tight-grid\" data-gallery-id=\"79\" data-multi-select=\"false\" data-filter-logic=\"or\" data-filter-hierarchy=\"[]\" data-url-param=\"filter\" data-version=\"2.0.7\" data-show-preloader=\"true\" data-lightbox-title=\"true\" data-lightbox-description=\"false\"><div class=\"pfg-preloader\"><div class=\"pfg-preloader-spinner\"><\/div><span class=\"pfg-preloader-text\">Loading...<\/span><\/div><div class=\"pfg-grid pfg-grid--masonry\" style=\"--pfg-overlay-color: rgba(0, 0, 0, 0.7); --pfg-primary-color: #94a3b8; --pfg-caption-text: #1e293b; --pfg-caption-bg: #ffffff\"><div class=\"pfg-item  pfg-item-hover--fade\" data-id=\"77\"><a href=\"https:\/\/copydor.eu\/wp-content\/uploads\/2026\/02\/brother-1.png\" class=\"pfg-item-link\" data-lightbox=\"pfg-79\" data-title=\"brother\" data-description=\"\"><img src=\"https:\/\/copydor.eu\/wp-content\/uploads\/2026\/02\/brother-1.png\" srcset=\"https:\/\/copydor.eu\/wp-content\/uploads\/2026\/02\/brother-1.png 457w, https:\/\/copydor.eu\/wp-content\/uploads\/2026\/02\/brother-1-300x72.png 300w\" sizes=\"(min-width: 1200px) 25vw, (min-width: 992px) 25vw, (min-width: 768px) 50vw, 100vw\" alt=\"brother\" loading=\"eager\" decoding=\"async\" class=\"pfg-item-image\"><div class=\"pfg-item-caption pfg-item-caption--overlay\"><h3 class=\"pfg-item-title\">brother<\/h3><\/div><\/a><\/div><div class=\"pfg-item  pfg-item-hover--fade\" data-id=\"21\"><a href=\"https:\/\/copydor.eu\/wp-content\/uploads\/2026\/02\/OKI_conglomerate_company-Logo.wine_-scaled.png\" class=\"pfg-item-link\" data-lightbox=\"pfg-79\" data-title=\"OKI_(conglomerate_company)-Logo.wine\" data-description=\"\"><img src=\"https:\/\/copydor.eu\/wp-content\/uploads\/2026\/02\/OKI_conglomerate_company-Logo.wine_-1024x683.png\" srcset=\"https:\/\/copydor.eu\/wp-content\/uploads\/2026\/02\/OKI_conglomerate_company-Logo.wine_-1024x683.png 1024w, https:\/\/copydor.eu\/wp-content\/uploads\/2026\/02\/OKI_conglomerate_company-Logo.wine_-300x200.png 300w, https:\/\/copydor.eu\/wp-content\/uploads\/2026\/02\/OKI_conglomerate_company-Logo.wine_-768x512.png 768w, https:\/\/copydor.eu\/wp-content\/uploads\/2026\/02\/OKI_conglomerate_company-Logo.wine_-1536x1024.png 1536w, https:\/\/copydor.eu\/wp-content\/uploads\/2026\/02\/OKI_conglomerate_company-Logo.wine_-2048x1365.png 2048w\" sizes=\"(min-width: 1200px) 25vw, (min-width: 992px) 25vw, (min-width: 768px) 50vw, 100vw\" alt=\"OKI_(conglomerate_company)-Logo.wine\" loading=\"eager\" decoding=\"async\" class=\"pfg-item-image\"><div class=\"pfg-item-caption pfg-item-caption--overlay\"><h3 class=\"pfg-item-title\">OKI_(conglomerate_company)-Logo.wine<\/h3><\/div><\/a><\/div><div class=\"pfg-item  pfg-item-hover--fade\" data-id=\"20\"><a href=\"https:\/\/copydor.eu\/wp-content\/uploads\/2026\/02\/Logo_Konica_Minolta.svg_.png\" class=\"pfg-item-link\" data-lightbox=\"pfg-79\" data-title=\"Logo_Konica_Minolta.svg\" data-description=\"\"><img src=\"https:\/\/copydor.eu\/wp-content\/uploads\/2026\/02\/Logo_Konica_Minolta.svg_-1024x594.png\" srcset=\"https:\/\/copydor.eu\/wp-content\/uploads\/2026\/02\/Logo_Konica_Minolta.svg_-1024x594.png 1024w, https:\/\/copydor.eu\/wp-content\/uploads\/2026\/02\/Logo_Konica_Minolta.svg_-300x174.png 300w, https:\/\/copydor.eu\/wp-content\/uploads\/2026\/02\/Logo_Konica_Minolta.svg_-768x446.png 768w, https:\/\/copydor.eu\/wp-content\/uploads\/2026\/02\/Logo_Konica_Minolta.svg_.png 1280w\" sizes=\"(min-width: 1200px) 25vw, (min-width: 992px) 25vw, (min-width: 768px) 50vw, 100vw\" alt=\"Logo_Konica_Minolta.svg\" loading=\"eager\" decoding=\"async\" class=\"pfg-item-image\"><div class=\"pfg-item-caption pfg-item-caption--overlay\"><h3 class=\"pfg-item-title\">Logo_Konica_Minolta.svg<\/h3><\/div><\/a><\/div><div class=\"pfg-item  pfg-item-hover--fade\" data-id=\"19\"><a href=\"https:\/\/copydor.eu\/wp-content\/uploads\/2026\/02\/Lexmark-scaled.jpg\" class=\"pfg-item-link\" data-lightbox=\"pfg-79\" data-title=\"Lexmark\" data-description=\"\"><img src=\"https:\/\/copydor.eu\/wp-content\/uploads\/2026\/02\/Lexmark-1024x263.jpg\" srcset=\"https:\/\/copydor.eu\/wp-content\/uploads\/2026\/02\/Lexmark-1024x263.jpg 1024w, https:\/\/copydor.eu\/wp-content\/uploads\/2026\/02\/Lexmark-300x77.jpg 300w, https:\/\/copydor.eu\/wp-content\/uploads\/2026\/02\/Lexmark-768x197.jpg 768w, https:\/\/copydor.eu\/wp-content\/uploads\/2026\/02\/Lexmark-1536x395.jpg 1536w, https:\/\/copydor.eu\/wp-content\/uploads\/2026\/02\/Lexmark-2048x526.jpg 2048w\" sizes=\"(min-width: 1200px) 25vw, (min-width: 992px) 25vw, (min-width: 768px) 50vw, 100vw\" alt=\"Lexmark\" loading=\"eager\" decoding=\"async\" class=\"pfg-item-image\"><div class=\"pfg-item-caption pfg-item-caption--overlay\"><h3 class=\"pfg-item-title\">Lexmark<\/h3><\/div><\/a><\/div><div class=\"pfg-item  pfg-item-hover--fade\" data-id=\"18\"><a href=\"https:\/\/copydor.eu\/wp-content\/uploads\/2026\/02\/Canon_Logo_1956.png\" class=\"pfg-item-link\" data-lightbox=\"pfg-79\" data-title=\"Canon_Logo_1956\" data-description=\"\"><img src=\"https:\/\/copydor.eu\/wp-content\/uploads\/2026\/02\/Canon_Logo_1956.png\" srcset=\"https:\/\/copydor.eu\/wp-content\/uploads\/2026\/02\/Canon_Logo_1956.png 568w, https:\/\/copydor.eu\/wp-content\/uploads\/2026\/02\/Canon_Logo_1956-300x89.png 300w\" sizes=\"(min-width: 1200px) 25vw, (min-width: 992px) 25vw, (min-width: 768px) 50vw, 100vw\" alt=\"Canon_Logo_1956\" loading=\"eager\" decoding=\"async\" class=\"pfg-item-image\"><div class=\"pfg-item-caption pfg-item-caption--overlay\"><h3 class=\"pfg-item-title\">Canon_Logo_1956<\/h3><\/div><\/a><\/div><div class=\"pfg-item  pfg-item-hover--fade\" data-id=\"17\"><a href=\"https:\/\/copydor.eu\/wp-content\/uploads\/2026\/02\/brother.png\" class=\"pfg-item-link\" data-lightbox=\"pfg-79\" data-title=\"brother\" data-description=\"\"><img src=\"https:\/\/copydor.eu\/wp-content\/uploads\/2026\/02\/brother.png\" srcset=\"https:\/\/copydor.eu\/wp-content\/uploads\/2026\/02\/brother.png 457w, https:\/\/copydor.eu\/wp-content\/uploads\/2026\/02\/brother-300x72.png 300w\" sizes=\"(min-width: 1200px) 25vw, (min-width: 992px) 25vw, (min-width: 768px) 50vw, 100vw\" alt=\"brother\" loading=\"eager\" decoding=\"async\" class=\"pfg-item-image\"><div class=\"pfg-item-caption pfg-item-caption--overlay\"><h3 class=\"pfg-item-title\">brother<\/h3><\/div><\/a><\/div><div class=\"pfg-item  pfg-item-hover--fade\" data-id=\"24\"><a href=\"https:\/\/copydor.eu\/wp-content\/uploads\/2026\/02\/Samsung_old_logo_before_year_2015.svg_.png\" class=\"pfg-item-link\" data-lightbox=\"pfg-79\" data-title=\"Samsung_old_logo_before_year_2015.svg\" data-description=\"\"><img src=\"https:\/\/copydor.eu\/wp-content\/uploads\/2026\/02\/Samsung_old_logo_before_year_2015.svg_-1024x340.png\" srcset=\"https:\/\/copydor.eu\/wp-content\/uploads\/2026\/02\/Samsung_old_logo_before_year_2015.svg_-1024x340.png 1024w, https:\/\/copydor.eu\/wp-content\/uploads\/2026\/02\/Samsung_old_logo_before_year_2015.svg_-300x100.png 300w, https:\/\/copydor.eu\/wp-content\/uploads\/2026\/02\/Samsung_old_logo_before_year_2015.svg_-768x255.png 768w, https:\/\/copydor.eu\/wp-content\/uploads\/2026\/02\/Samsung_old_logo_before_year_2015.svg_.png 1280w\" sizes=\"(min-width: 1200px) 25vw, (min-width: 992px) 25vw, (min-width: 768px) 50vw, 100vw\" alt=\"Samsung_old_logo_before_year_2015.svg\" loading=\"eager\" decoding=\"async\" class=\"pfg-item-image\"><div class=\"pfg-item-caption pfg-item-caption--overlay\"><h3 class=\"pfg-item-title\">Samsung_old_logo_before_year_2015.svg<\/h3><\/div><\/a><\/div><div class=\"pfg-item  pfg-item-hover--fade\" data-id=\"23\"><a href=\"https:\/\/copydor.eu\/wp-content\/uploads\/2026\/02\/pobrane.png\" class=\"pfg-item-link\" data-lightbox=\"pfg-79\" data-title=\"pobrane\" data-description=\"\"><img src=\"https:\/\/copydor.eu\/wp-content\/uploads\/2026\/02\/pobrane.png\" srcset=\"https:\/\/copydor.eu\/wp-content\/uploads\/2026\/02\/pobrane.png 225w, https:\/\/copydor.eu\/wp-content\/uploads\/2026\/02\/pobrane-150x150.png 150w\" sizes=\"(min-width: 1200px) 25vw, (min-width: 992px) 25vw, (min-width: 768px) 50vw, 100vw\" alt=\"pobrane\" loading=\"eager\" decoding=\"async\" class=\"pfg-item-image\"><div class=\"pfg-item-caption pfg-item-caption--overlay\"><h3 class=\"pfg-item-title\">pobrane<\/h3><\/div><\/a><\/div><div class=\"pfg-item  pfg-item-hover--fade\" data-id=\"22\"><a href=\"https:\/\/copydor.eu\/wp-content\/uploads\/2026\/02\/pobrane-1.png\" class=\"pfg-item-link\" data-lightbox=\"pfg-79\" data-title=\"pobrane (1)\" data-description=\"\"><img src=\"https:\/\/copydor.eu\/wp-content\/uploads\/2026\/02\/pobrane-1.png\" srcset=\"https:\/\/copydor.eu\/wp-content\/uploads\/2026\/02\/pobrane-1.png 225w, https:\/\/copydor.eu\/wp-content\/uploads\/2026\/02\/pobrane-1-150x150.png 150w\" sizes=\"(min-width: 1200px) 25vw, (min-width: 992px) 25vw, (min-width: 768px) 50vw, 100vw\" alt=\"pobrane (1)\" loading=\"eager\" decoding=\"async\" class=\"pfg-item-image\"><div class=\"pfg-item-caption pfg-item-caption--overlay\"><h3 class=\"pfg-item-title\">pobrane (1)<\/h3><\/div><\/a><\/div><\/div><\/div>\n<\/div>\n<\/div>\n\n\n\n<div class=\"wp-block-columns is-layout-flex wp-container-core-columns-is-layout-9d6595d7 wp-block-columns-is-layout-flex\">\n<div class=\"wp-block-column is-layout-flow wp-block-column-is-layout-flow\" style=\"flex-basis:66.66%\">\n<figure class=\"wp-block-image size-full\"><img loading=\"lazy\" decoding=\"async\" width=\"992\" height=\"646\" src=\"http:\/\/serwer2663049.home.pl\/autoinstalator\/wordpressplugins1\/wp-content\/uploads\/2026\/02\/Large__027551E0C7ADF9EA40B189F3458CCA7F__leitz-home-office-aktenvernichter-ll_80090000-384x250-2.webp\" alt=\"\" class=\"wp-image-89\" srcset=\"https:\/\/copydor.eu\/wp-content\/uploads\/2026\/02\/Large__027551E0C7ADF9EA40B189F3458CCA7F__leitz-home-office-aktenvernichter-ll_80090000-384x250-2.webp 992w, https:\/\/copydor.eu\/wp-content\/uploads\/2026\/02\/Large__027551E0C7ADF9EA40B189F3458CCA7F__leitz-home-office-aktenvernichter-ll_80090000-384x250-2-300x195.webp 300w, https:\/\/copydor.eu\/wp-content\/uploads\/2026\/02\/Large__027551E0C7ADF9EA40B189F3458CCA7F__leitz-home-office-aktenvernichter-ll_80090000-384x250-2-768x500.webp 768w\" sizes=\"auto, (max-width: 706px) 89vw, (max-width: 767px) 82vw, 740px\" \/><\/figure>\n<\/div>\n\n\n\n<div class=\"wp-block-column is-layout-flow wp-block-column-is-layout-flow\" style=\"flex-basis:33.33%\">\n<h1 class=\"wp-block-heading has-text-align-center\" style=\"font-size:30px\"><br><br><br><strong>NISZCZARKI<\/strong><\/h1>\n<\/div>\n<\/div>\n\n\n\n<div class=\"wp-block-columns is-layout-flex wp-container-core-columns-is-layout-9d6595d7 wp-block-columns-is-layout-flex\">\n<div class=\"wp-block-column is-layout-flow wp-block-column-is-layout-flow\" style=\"flex-basis:66.66%\">\n<figure class=\"wp-block-image size-full\"><img loading=\"lazy\" decoding=\"async\" width=\"460\" height=\"484\" src=\"http:\/\/serwer2663049.home.pl\/autoinstalator\/wordpressplugins1\/wp-content\/uploads\/2026\/02\/41sS97mSTyS._AC_-1.jpg\" alt=\"\" class=\"wp-image-90\" srcset=\"https:\/\/copydor.eu\/wp-content\/uploads\/2026\/02\/41sS97mSTyS._AC_-1.jpg 460w, https:\/\/copydor.eu\/wp-content\/uploads\/2026\/02\/41sS97mSTyS._AC_-1-285x300.jpg 285w\" sizes=\"auto, (max-width: 460px) 100vw, 460px\" \/><\/figure>\n\n\n\n<h1><\/h1>\n<\/div>\n\n\n\n<div class=\"wp-block-column is-layout-flow wp-block-column-is-layout-flow\" style=\"flex-basis:33.33%\">\n<p class=\"has-text-align-center\" style=\"font-size:35px\"><br><br><strong>CZAS<br>JEST<br>WA\u017bNY<\/strong><\/p>\n\n\n\n<p><\/p>\n<\/div>\n<\/div>\n\n\n\n<h2 class=\"wp-block-heading has-text-align-center has-text-color has-link-color has-x-large-font-size wp-elements-6cb311b0a1026cce25107fae29b1016e\" style=\"color:#b61c1c\"><strong>Dorota BEDNARSKA<\/strong><br><strong>COPY DOR KIELCE<\/strong><\/h2>\n\n\n\n<div class=\"wp-block-columns is-layout-flex wp-container-core-columns-is-layout-9d6595d7 wp-block-columns-is-layout-flex\">\n<div class=\"wp-block-column is-layout-flow wp-block-column-is-layout-flow\" style=\"flex-basis:66.66%\">\n<p class=\"has-text-align-center\">tel. 41 512 249 102<br>e-mail: <a href=\"mailto:admin@copydor.pl\" target=\"_blank\" rel=\"noreferrer noopener\">admin@copydor.pl<\/a><\/p>\n<\/div>\n<\/div>\n\n\n\n<p class=\"has-text-align-center\">NIP: 9591297573<br>Regon: 290859453<br><\/p>\n\n\n\n<p><\/p>\n","protected":false},"excerpt":{"rendered":"<p>jest firm\u0105, kt\u00f3ra specjalizuje si\u0119 w doborze i sprzeda\u017cy najlepszych materia\u0142\u00f3w eksploatacyjnych (tonery, tusze, b\u0119bny) do wielofunkcyjnych urz\u0105dze\u0144 drukuj\u0105cych. Oferowane produkty cechuje najwy\u017csza jako\u015b\u0107, wydajno\u015b\u0107 &#8211; co bezpo\u015brednio przek\u0142ada si\u0119 na sprawn\u0105 prac\u0119 z wydrukami. Dzi\u0119ki do\u015bwiadczeniu poznali\u015bmy w pe\u0142ni logistyk\u0119 zam\u00f3wie\u0144 i dostaw. Od ponad \u0107wier\u0107 wieku zajmujemy si\u0119 doradztwem przy doborze sprz\u0119tu biurowego. &hellip; <\/p>\n<p class=\"link-more\"><a href=\"https:\/\/copydor.eu\/\" class=\"more-link\">Czytaj dalej<span class=\"screen-reader-text\"> \u201e\u201d<\/span><\/a><\/p>\n","protected":false},"author":1,"featured_media":0,"parent":0,"menu_order":0,"comment_status":"closed","ping_status":"closed","template":"","meta":{"footnotes":""},"class_list":["post-2","page","type-page","status-publish","hentry"],"yoast_head":"<!-- This site is optimized with the Yoast SEO plugin v27.0 - https:\/\/yoast.com\/product\/yoast-seo-wordpress\/ -->\n<title>- CopyDor Kielce<\/title>\n<meta name=\"robots\" content=\"index, follow, max-snippet:-1, max-image-preview:large, max-video-preview:-1\" \/>\n<link rel=\"canonical\" href=\"https:\/\/copydor.eu\/\" \/>\n<meta property=\"og:locale\" content=\"pl_PL\" \/>\n<meta property=\"og:type\" content=\"article\" \/>\n<meta property=\"og:title\" content=\"- CopyDor Kielce\" \/>\n<meta property=\"og:description\" content=\"jest firm\u0105, kt\u00f3ra specjalizuje si\u0119 w doborze i sprzeda\u017cy najlepszych materia\u0142\u00f3w eksploatacyjnych (tonery, tusze, b\u0119bny) do wielofunkcyjnych urz\u0105dze\u0144 drukuj\u0105cych. Oferowane produkty cechuje najwy\u017csza jako\u015b\u0107, wydajno\u015b\u0107 &#8211; co bezpo\u015brednio przek\u0142ada si\u0119 na sprawn\u0105 prac\u0119 z wydrukami. Dzi\u0119ki do\u015bwiadczeniu poznali\u015bmy w pe\u0142ni logistyk\u0119 zam\u00f3wie\u0144 i dostaw. Od ponad \u0107wier\u0107 wieku zajmujemy si\u0119 doradztwem przy doborze sprz\u0119tu biurowego. &hellip; Czytaj dalej \u201e\u201d\" \/>\n<meta property=\"og:url\" content=\"https:\/\/copydor.eu\/\" \/>\n<meta property=\"og:site_name\" content=\"CopyDor Kielce\" \/>\n<meta property=\"article:modified_time\" content=\"2026-02-28T15:07:33+00:00\" \/>\n<meta property=\"og:image\" content=\"http:\/\/serwer2663049.home.pl\/autoinstalator\/wordpressplugins1\/wp-content\/uploads\/2026\/02\/logo-copy.png\" \/>\n<meta name=\"twitter:card\" content=\"summary_large_image\" \/>\n<meta name=\"twitter:label1\" content=\"Szacowany czas czytania\" \/>\n\t<meta name=\"twitter:data1\" content=\"2 minuty\" \/>\n<script type=\"application\/ld+json\" class=\"yoast-schema-graph\">{\"@context\":\"https:\/\/schema.org\",\"@graph\":[{\"@type\":\"WebPage\",\"@id\":\"https:\/\/copydor.eu\/\",\"url\":\"https:\/\/copydor.eu\/\",\"name\":\"- CopyDor Kielce\",\"isPartOf\":{\"@id\":\"https:\/\/copydor.eu\/#website\"},\"primaryImageOfPage\":{\"@id\":\"https:\/\/copydor.eu\/#primaryimage\"},\"image\":{\"@id\":\"https:\/\/copydor.eu\/#primaryimage\"},\"thumbnailUrl\":\"http:\/\/serwer2663049.home.pl\/autoinstalator\/wordpressplugins1\/wp-content\/uploads\/2026\/02\/logo-copy.png\",\"datePublished\":\"2026-02-28T09:33:46+00:00\",\"dateModified\":\"2026-02-28T15:07:33+00:00\",\"inLanguage\":\"pl-PL\",\"potentialAction\":[{\"@type\":\"ReadAction\",\"target\":[\"https:\/\/copydor.eu\/\"]}]},{\"@type\":\"ImageObject\",\"inLanguage\":\"pl-PL\",\"@id\":\"https:\/\/copydor.eu\/#primaryimage\",\"url\":\"http:\/\/serwer2663049.home.pl\/autoinstalator\/wordpressplugins1\/wp-content\/uploads\/2026\/02\/logo-copy.png\",\"contentUrl\":\"http:\/\/serwer2663049.home.pl\/autoinstalator\/wordpressplugins1\/wp-content\/uploads\/2026\/02\/logo-copy.png\"},{\"@type\":\"WebSite\",\"@id\":\"https:\/\/copydor.eu\/#website\",\"url\":\"https:\/\/copydor.eu\/\",\"name\":\"CopyDor Kielce\",\"description\":\"\",\"potentialAction\":[{\"@type\":\"SearchAction\",\"target\":{\"@type\":\"EntryPoint\",\"urlTemplate\":\"https:\/\/copydor.eu\/?s={search_term_string}\"},\"query-input\":{\"@type\":\"PropertyValueSpecification\",\"valueRequired\":true,\"valueName\":\"search_term_string\"}}],\"inLanguage\":\"pl-PL\"}]}<\/script>\n<!-- \/ Yoast SEO plugin. -->","yoast_head_json":{"title":"- CopyDor Kielce","robots":{"index":"index","follow":"follow","max-snippet":"max-snippet:-1","max-image-preview":"max-image-preview:large","max-video-preview":"max-video-preview:-1"},"canonical":"https:\/\/copydor.eu\/","og_locale":"pl_PL","og_type":"article","og_title":"- CopyDor Kielce","og_description":"jest firm\u0105, kt\u00f3ra specjalizuje si\u0119 w doborze i sprzeda\u017cy najlepszych materia\u0142\u00f3w eksploatacyjnych (tonery, tusze, b\u0119bny) do wielofunkcyjnych urz\u0105dze\u0144 drukuj\u0105cych. Oferowane produkty cechuje najwy\u017csza jako\u015b\u0107, wydajno\u015b\u0107 &#8211; co bezpo\u015brednio przek\u0142ada si\u0119 na sprawn\u0105 prac\u0119 z wydrukami. Dzi\u0119ki do\u015bwiadczeniu poznali\u015bmy w pe\u0142ni logistyk\u0119 zam\u00f3wie\u0144 i dostaw. Od ponad \u0107wier\u0107 wieku zajmujemy si\u0119 doradztwem przy doborze sprz\u0119tu biurowego. &hellip; Czytaj dalej \u201e\u201d","og_url":"https:\/\/copydor.eu\/","og_site_name":"CopyDor Kielce","article_modified_time":"2026-02-28T15:07:33+00:00","og_image":[{"url":"http:\/\/serwer2663049.home.pl\/autoinstalator\/wordpressplugins1\/wp-content\/uploads\/2026\/02\/logo-copy.png","type":"","width":"","height":""}],"twitter_card":"summary_large_image","twitter_misc":{"Szacowany czas czytania":"2 minuty"},"schema":{"@context":"https:\/\/schema.org","@graph":[{"@type":"WebPage","@id":"https:\/\/copydor.eu\/","url":"https:\/\/copydor.eu\/","name":"- CopyDor Kielce","isPartOf":{"@id":"https:\/\/copydor.eu\/#website"},"primaryImageOfPage":{"@id":"https:\/\/copydor.eu\/#primaryimage"},"image":{"@id":"https:\/\/copydor.eu\/#primaryimage"},"thumbnailUrl":"http:\/\/serwer2663049.home.pl\/autoinstalator\/wordpressplugins1\/wp-content\/uploads\/2026\/02\/logo-copy.png","datePublished":"2026-02-28T09:33:46+00:00","dateModified":"2026-02-28T15:07:33+00:00","inLanguage":"pl-PL","potentialAction":[{"@type":"ReadAction","target":["https:\/\/copydor.eu\/"]}]},{"@type":"ImageObject","inLanguage":"pl-PL","@id":"https:\/\/copydor.eu\/#primaryimage","url":"http:\/\/serwer2663049.home.pl\/autoinstalator\/wordpressplugins1\/wp-content\/uploads\/2026\/02\/logo-copy.png","contentUrl":"http:\/\/serwer2663049.home.pl\/autoinstalator\/wordpressplugins1\/wp-content\/uploads\/2026\/02\/logo-copy.png"},{"@type":"WebSite","@id":"https:\/\/copydor.eu\/#website","url":"https:\/\/copydor.eu\/","name":"CopyDor Kielce","description":"","potentialAction":[{"@type":"SearchAction","target":{"@type":"EntryPoint","urlTemplate":"https:\/\/copydor.eu\/?s={search_term_string}"},"query-input":{"@type":"PropertyValueSpecification","valueRequired":true,"valueName":"search_term_string"}}],"inLanguage":"pl-PL"}]}},"_links":{"self":[{"href":"https:\/\/copydor.eu\/index.php?rest_route=\/wp\/v2\/pages\/2","targetHints":{"allow":["GET"]}}],"collection":[{"href":"https:\/\/copydor.eu\/index.php?rest_route=\/wp\/v2\/pages"}],"about":[{"href":"https:\/\/copydor.eu\/index.php?rest_route=\/wp\/v2\/types\/page"}],"author":[{"embeddable":true,"href":"https:\/\/copydor.eu\/index.php?rest_route=\/wp\/v2\/users\/1"}],"replies":[{"embeddable":true,"href":"https:\/\/copydor.eu\/index.php?rest_route=%2Fwp%2Fv2%2Fcomments&post=2"}],"version-history":[{"count":35,"href":"https:\/\/copydor.eu\/index.php?rest_route=\/wp\/v2\/pages\/2\/revisions"}],"predecessor-version":[{"id":102,"href":"https:\/\/copydor.eu\/index.php?rest_route=\/wp\/v2\/pages\/2\/revisions\/102"}],"wp:attachment":[{"href":"https:\/\/copydor.eu\/index.php?rest_route=%2Fwp%2Fv2%2Fmedia&parent=2"}],"curies":[{"name":"wp","href":"https:\/\/api.w.org\/{rel}","templated":true}]}}